{"id":6055,"date":"2021-01-14T17:40:36","date_gmt":"2021-01-14T16:40:36","guid":{"rendered":"https:\/\/www.platformsamenonderzoeken.nl\/wetenwatwerkt\/?page_id=6055"},"modified":"2021-01-18T18:31:29","modified_gmt":"2021-01-18T17:31:29","slug":"voorbeelden-van-projecten","status":"publish","type":"page","link":"https:\/\/www.platformsamenonderzoeken.nl\/wetenwatwerkt\/nieuwsgierigheid\/nieuwsgierigheid-in-actie\/voorbeelden-van-projecten\/","title":{"rendered":"Voorbeelden van projecten"},"content":{"rendered":"\n<p>Goed, voedend onderwijs dat gericht is op dieper leren, laat leerlingen met een kritische en creatieve blik zaken van alle kanten bekijken, hun eigen gedachten formuleren en vormgeven, laat hen zelf met nieuwe oplossingen komen, laat hen reflecteren, hun beeldvorming bijstellen, en leert hen dat er lang niet altijd maar \u00e9\u00e9n goed antwoord of maar \u00e9\u00e9n vaststaande oplossing is en dat d\u00e1t er nu juist voor zorgt dat onze kennis zich ontwikkelt en wij bestaande zaken kunnen verbeteren.<\/p>\n\n\n\n<p>Goede projecten bevatten opdrachten en lessen die:<\/p>\n\n\n\n<ul class=\"wp-block-list\"><li>Aansluiten bij de belevingswereld van leerlingen<\/li><li>Aanzetten tot meer eigen creativiteit en andersom denken<\/li><li>Voldoende open-einde vragen bevatten<\/li><li>Een hoger abstractieniveau bevatten<\/li><li>Meer complexiteit bevatten<\/li><li>Stimuleren tot eigen onderzoek en ontwerp<\/li><li>Voldoende reflectie uitlokken<\/li><li>Een beroep doen op meta-cognitieve vaardigheden<\/li><\/ul>\n\n\n\n<p>Waarbij:<\/p>\n\n\n\n<ul class=\"wp-block-list\"><li>Niet slechts \u00e9\u00e9n antwoord of oplossing goed is<\/li><li>Falen en opnieuw proberen worden gestimuleerd<\/li><li>Kinderen ook van elkaar kunnen leren<\/li><li>Interesse en iets tot een goed einde willen brengen hand in hand gaan<\/li><\/ul>\n\n\n\n<h3 class=\"wp-block-heading\">Aan de slag!<\/h3>\n\n\n\n<p>We geven in deze tegel een aantal voorbeelden van lessenseries en projecten voor verschillende leeftijden waar je inspiratie uit kunt opdoen. Maar er is nog veel meer te vinden via allerlei organisaties, wetenschapsknooppunten en musea!<\/p>\n","protected":false},"excerpt":{"rendered":"<p>Goed, voedend onderwijs dat gericht is op dieper leren, laat leerlingen met een kritische en creatieve blik zaken van alle kanten bekijken, hun eigen gedachten formuleren en vormgeven, laat hen zelf met nieuwe oplossingen komen, laat hen reflecteren, hun beeldvorming bijstellen, en leert hen dat er lang niet altijd maar \u00e9\u00e9n goed antwoord of maar [&hellip;]<\/p>\n","protected":false},"author":2,"featured_media":6056,"parent":6045,"menu_order":2,"comment_status":"closed","ping_status":"closed","template":"pages\/page_theme_detail","meta":{"_acf_changed":false,"footnotes":""},"class_list":["post-6055","page","type-page","status-publish","has-post-thumbnail","hentry"],"yoast_head":"<!-- This site is optimized with the Yoast SEO plugin v27.3 - https:\/\/yoast.com\/product\/yoast-seo-wordpress\/ -->\n<title>Voorbeelden van projecten - Weten wat werkt<\/title>\n<meta name=\"robots\" content=\"index, follow, max-snippet:-1, max-image-preview:large, max-video-preview:-1\" \/>\n<link rel=\"canonical\" href=\"https:\/\/www.platformsamenonderzoeken.nl\/wetenwatwerkt\/nieuwsgierigheid\/nieuwsgierigheid-in-actie\/voorbeelden-van-projecten\/\" \/>\n<meta property=\"og:locale\" content=\"nl_NL\" \/>\n<meta property=\"og:type\" content=\"article\" \/>\n<meta property=\"og:title\" content=\"Voorbeelden van projecten - Weten wat werkt\" \/>\n<meta property=\"og:description\" content=\"Goed, voedend onderwijs dat gericht is op dieper leren, laat leerlingen met een kritische en creatieve blik zaken van alle kanten bekijken, hun eigen gedachten formuleren en vormgeven, laat hen zelf met nieuwe oplossingen komen, laat hen reflecteren, hun beeldvorming bijstellen, en leert hen dat er lang niet altijd maar \u00e9\u00e9n goed antwoord of maar [&hellip;]\" \/>\n<meta property=\"og:url\" content=\"https:\/\/www.platformsamenonderzoeken.nl\/wetenwatwerkt\/nieuwsgierigheid\/nieuwsgierigheid-in-actie\/voorbeelden-van-projecten\/\" \/>\n<meta property=\"og:site_name\" content=\"Weten wat werkt\" \/>\n<meta property=\"article:modified_time\" content=\"2021-01-18T17:31:29+00:00\" \/>\n<meta property=\"og:image\" content=\"https:\/\/www.platformsamenonderzoeken.nl\/wetenwatwerkt\/wp-content\/uploads\/sites\/3\/2021\/01\/stem-t4l-wqLswHmf6j4-unsplash-scaled.jpg\" \/>\n\t<meta property=\"og:image:width\" content=\"2560\" \/>\n\t<meta property=\"og:image:height\" content=\"1709\" \/>\n\t<meta property=\"og:image:type\" content=\"image\/jpeg\" \/>\n<meta name=\"twitter:card\" content=\"summary_large_image\" \/>\n<meta name=\"twitter:label1\" content=\"Geschatte leestijd\" \/>\n\t<meta name=\"twitter:data1\" content=\"1 minuut\" \/>\n<script type=\"application\/ld+json\" class=\"yoast-schema-graph\">{\"@context\":\"https:\\\/\\\/schema.org\",\"@graph\":[{\"@type\":\"WebPage\",\"@id\":\"https:\\\/\\\/www.platformsamenonderzoeken.nl\\\/wetenwatwerkt\\\/nieuwsgierigheid\\\/nieuwsgierigheid-in-actie\\\/voorbeelden-van-projecten\\\/\",\"url\":\"https:\\\/\\\/www.platformsamenonderzoeken.nl\\\/wetenwatwerkt\\\/nieuwsgierigheid\\\/nieuwsgierigheid-in-actie\\\/voorbeelden-van-projecten\\\/\",\"name\":\"Voorbeelden van projecten - Weten wat werkt\",\"isPartOf\":{\"@id\":\"https:\\\/\\\/www.platformsamenonderzoeken.nl\\\/wetenwatwerkt\\\/#website\"},\"primaryImageOfPage\":{\"@id\":\"https:\\\/\\\/www.platformsamenonderzoeken.nl\\\/wetenwatwerkt\\\/nieuwsgierigheid\\\/nieuwsgierigheid-in-actie\\\/voorbeelden-van-projecten\\\/#primaryimage\"},\"image\":{\"@id\":\"https:\\\/\\\/www.platformsamenonderzoeken.nl\\\/wetenwatwerkt\\\/nieuwsgierigheid\\\/nieuwsgierigheid-in-actie\\\/voorbeelden-van-projecten\\\/#primaryimage\"},\"thumbnailUrl\":\"https:\\\/\\\/www.platformsamenonderzoeken.nl\\\/wetenwatwerkt\\\/wp-content\\\/uploads\\\/sites\\\/3\\\/2021\\\/01\\\/stem-t4l-wqLswHmf6j4-unsplash-scaled.jpg\",\"datePublished\":\"2021-01-14T16:40:36+00:00\",\"dateModified\":\"2021-01-18T17:31:29+00:00\",\"breadcrumb\":{\"@id\":\"https:\\\/\\\/www.platformsamenonderzoeken.nl\\\/wetenwatwerkt\\\/nieuwsgierigheid\\\/nieuwsgierigheid-in-actie\\\/voorbeelden-van-projecten\\\/#breadcrumb\"},\"inLanguage\":\"nl-NL\",\"potentialAction\":[{\"@type\":\"ReadAction\",\"target\":[\"https:\\\/\\\/www.platformsamenonderzoeken.nl\\\/wetenwatwerkt\\\/nieuwsgierigheid\\\/nieuwsgierigheid-in-actie\\\/voorbeelden-van-projecten\\\/\"]}]},{\"@type\":\"ImageObject\",\"inLanguage\":\"nl-NL\",\"@id\":\"https:\\\/\\\/www.platformsamenonderzoeken.nl\\\/wetenwatwerkt\\\/nieuwsgierigheid\\\/nieuwsgierigheid-in-actie\\\/voorbeelden-van-projecten\\\/#primaryimage\",\"url\":\"https:\\\/\\\/www.platformsamenonderzoeken.nl\\\/wetenwatwerkt\\\/wp-content\\\/uploads\\\/sites\\\/3\\\/2021\\\/01\\\/stem-t4l-wqLswHmf6j4-unsplash-scaled.jpg\",\"contentUrl\":\"https:\\\/\\\/www.platformsamenonderzoeken.nl\\\/wetenwatwerkt\\\/wp-content\\\/uploads\\\/sites\\\/3\\\/2021\\\/01\\\/stem-t4l-wqLswHmf6j4-unsplash-scaled.jpg\",\"width\":2560,\"height\":1709},{\"@type\":\"BreadcrumbList\",\"@id\":\"https:\\\/\\\/www.platformsamenonderzoeken.nl\\\/wetenwatwerkt\\\/nieuwsgierigheid\\\/nieuwsgierigheid-in-actie\\\/voorbeelden-van-projecten\\\/#breadcrumb\",\"itemListElement\":[{\"@type\":\"ListItem\",\"position\":1,\"name\":\"Home\",\"item\":\"https:\\\/\\\/www.platformsamenonderzoeken.nl\\\/wetenwatwerkt\\\/\"},{\"@type\":\"ListItem\",\"position\":2,\"name\":\"Nieuwsgierigheid\",\"item\":\"https:\\\/\\\/www.platformsamenonderzoeken.nl\\\/wetenwatwerkt\\\/nieuwsgierigheid\\\/\"},{\"@type\":\"ListItem\",\"position\":3,\"name\":\"Nieuwsgierigheid in actie\",\"item\":\"https:\\\/\\\/www.platformsamenonderzoeken.nl\\\/wetenwatwerkt\\\/nieuwsgierigheid\\\/nieuwsgierigheid-in-actie\\\/\"},{\"@type\":\"ListItem\",\"position\":4,\"name\":\"Voorbeelden van projecten\"}]},{\"@type\":\"WebSite\",\"@id\":\"https:\\\/\\\/www.platformsamenonderzoeken.nl\\\/wetenwatwerkt\\\/#website\",\"url\":\"https:\\\/\\\/www.platformsamenonderzoeken.nl\\\/wetenwatwerkt\\\/\",\"name\":\"Weten wat werkt\",\"description\":\"\",\"potentialAction\":[{\"@type\":\"SearchAction\",\"target\":{\"@type\":\"EntryPoint\",\"urlTemplate\":\"https:\\\/\\\/www.platformsamenonderzoeken.nl\\\/wetenwatwerkt\\\/?s={search_term_string}\"},\"query-input\":{\"@type\":\"PropertyValueSpecification\",\"valueRequired\":true,\"valueName\":\"search_term_string\"}}],\"inLanguage\":\"nl-NL\"}]}<\/script>\n<!-- \/ Yoast SEO plugin. -->","yoast_head_json":{"title":"Voorbeelden van projecten - Weten wat werkt","robots":{"index":"index","follow":"follow","max-snippet":"max-snippet:-1","max-image-preview":"max-image-preview:large","max-video-preview":"max-video-preview:-1"},"canonical":"https:\/\/www.platformsamenonderzoeken.nl\/wetenwatwerkt\/nieuwsgierigheid\/nieuwsgierigheid-in-actie\/voorbeelden-van-projecten\/","og_locale":"nl_NL","og_type":"article","og_title":"Voorbeelden van projecten - Weten wat werkt","og_description":"Goed, voedend onderwijs dat gericht is op dieper leren, laat leerlingen met een kritische en creatieve blik zaken van alle kanten bekijken, hun eigen gedachten formuleren en vormgeven, laat hen zelf met nieuwe oplossingen komen, laat hen reflecteren, hun beeldvorming bijstellen, en leert hen dat er lang niet altijd maar \u00e9\u00e9n goed antwoord of maar [&hellip;]","og_url":"https:\/\/www.platformsamenonderzoeken.nl\/wetenwatwerkt\/nieuwsgierigheid\/nieuwsgierigheid-in-actie\/voorbeelden-van-projecten\/","og_site_name":"Weten wat werkt","article_modified_time":"2021-01-18T17:31:29+00:00","og_image":[{"width":2560,"height":1709,"url":"https:\/\/www.platformsamenonderzoeken.nl\/wetenwatwerkt\/wp-content\/uploads\/sites\/3\/2021\/01\/stem-t4l-wqLswHmf6j4-unsplash-scaled.jpg","type":"image\/jpeg"}],"twitter_card":"summary_large_image","twitter_misc":{"Geschatte leestijd":"1 minuut"},"schema":{"@context":"https:\/\/schema.org","@graph":[{"@type":"WebPage","@id":"https:\/\/www.platformsamenonderzoeken.nl\/wetenwatwerkt\/nieuwsgierigheid\/nieuwsgierigheid-in-actie\/voorbeelden-van-projecten\/","url":"https:\/\/www.platformsamenonderzoeken.nl\/wetenwatwerkt\/nieuwsgierigheid\/nieuwsgierigheid-in-actie\/voorbeelden-van-projecten\/","name":"Voorbeelden van projecten - Weten wat werkt","isPartOf":{"@id":"https:\/\/www.platformsamenonderzoeken.nl\/wetenwatwerkt\/#website"},"primaryImageOfPage":{"@id":"https:\/\/www.platformsamenonderzoeken.nl\/wetenwatwerkt\/nieuwsgierigheid\/nieuwsgierigheid-in-actie\/voorbeelden-van-projecten\/#primaryimage"},"image":{"@id":"https:\/\/www.platformsamenonderzoeken.nl\/wetenwatwerkt\/nieuwsgierigheid\/nieuwsgierigheid-in-actie\/voorbeelden-van-projecten\/#primaryimage"},"thumbnailUrl":"https:\/\/www.platformsamenonderzoeken.nl\/wetenwatwerkt\/wp-content\/uploads\/sites\/3\/2021\/01\/stem-t4l-wqLswHmf6j4-unsplash-scaled.jpg","datePublished":"2021-01-14T16:40:36+00:00","dateModified":"2021-01-18T17:31:29+00:00","breadcrumb":{"@id":"https:\/\/www.platformsamenonderzoeken.nl\/wetenwatwerkt\/nieuwsgierigheid\/nieuwsgierigheid-in-actie\/voorbeelden-van-projecten\/#breadcrumb"},"inLanguage":"nl-NL","potentialAction":[{"@type":"ReadAction","target":["https:\/\/www.platformsamenonderzoeken.nl\/wetenwatwerkt\/nieuwsgierigheid\/nieuwsgierigheid-in-actie\/voorbeelden-van-projecten\/"]}]},{"@type":"ImageObject","inLanguage":"nl-NL","@id":"https:\/\/www.platformsamenonderzoeken.nl\/wetenwatwerkt\/nieuwsgierigheid\/nieuwsgierigheid-in-actie\/voorbeelden-van-projecten\/#primaryimage","url":"https:\/\/www.platformsamenonderzoeken.nl\/wetenwatwerkt\/wp-content\/uploads\/sites\/3\/2021\/01\/stem-t4l-wqLswHmf6j4-unsplash-scaled.jpg","contentUrl":"https:\/\/www.platformsamenonderzoeken.nl\/wetenwatwerkt\/wp-content\/uploads\/sites\/3\/2021\/01\/stem-t4l-wqLswHmf6j4-unsplash-scaled.jpg","width":2560,"height":1709},{"@type":"BreadcrumbList","@id":"https:\/\/www.platformsamenonderzoeken.nl\/wetenwatwerkt\/nieuwsgierigheid\/nieuwsgierigheid-in-actie\/voorbeelden-van-projecten\/#breadcrumb","itemListElement":[{"@type":"ListItem","position":1,"name":"Home","item":"https:\/\/www.platformsamenonderzoeken.nl\/wetenwatwerkt\/"},{"@type":"ListItem","position":2,"name":"Nieuwsgierigheid","item":"https:\/\/www.platformsamenonderzoeken.nl\/wetenwatwerkt\/nieuwsgierigheid\/"},{"@type":"ListItem","position":3,"name":"Nieuwsgierigheid in actie","item":"https:\/\/www.platformsamenonderzoeken.nl\/wetenwatwerkt\/nieuwsgierigheid\/nieuwsgierigheid-in-actie\/"},{"@type":"ListItem","position":4,"name":"Voorbeelden van projecten"}]},{"@type":"WebSite","@id":"https:\/\/www.platformsamenonderzoeken.nl\/wetenwatwerkt\/#website","url":"https:\/\/www.platformsamenonderzoeken.nl\/wetenwatwerkt\/","name":"Weten wat werkt","description":"","potentialAction":[{"@type":"SearchAction","target":{"@type":"EntryPoint","urlTemplate":"https:\/\/www.platformsamenonderzoeken.nl\/wetenwatwerkt\/?s={search_term_string}"},"query-input":{"@type":"PropertyValueSpecification","valueRequired":true,"valueName":"search_term_string"}}],"inLanguage":"nl-NL"}]}},"acf":[],"_links":{"self":[{"href":"https:\/\/www.platformsamenonderzoeken.nl\/wetenwatwerkt\/wp-json\/wp\/v2\/pages\/6055","targetHints":{"allow":["GET"]}}],"collection":[{"href":"https:\/\/www.platformsamenonderzoeken.nl\/wetenwatwerkt\/wp-json\/wp\/v2\/pages"}],"about":[{"href":"https:\/\/www.platformsamenonderzoeken.nl\/wetenwatwerkt\/wp-json\/wp\/v2\/types\/page"}],"author":[{"embeddable":true,"href":"https:\/\/www.platformsamenonderzoeken.nl\/wetenwatwerkt\/wp-json\/wp\/v2\/users\/2"}],"replies":[{"embeddable":true,"href":"https:\/\/www.platformsamenonderzoeken.nl\/wetenwatwerkt\/wp-json\/wp\/v2\/comments?post=6055"}],"version-history":[{"count":2,"href":"https:\/\/www.platformsamenonderzoeken.nl\/wetenwatwerkt\/wp-json\/wp\/v2\/pages\/6055\/revisions"}],"predecessor-version":[{"id":6150,"href":"https:\/\/www.platformsamenonderzoeken.nl\/wetenwatwerkt\/wp-json\/wp\/v2\/pages\/6055\/revisions\/6150"}],"up":[{"embeddable":true,"href":"https:\/\/www.platformsamenonderzoeken.nl\/wetenwatwerkt\/wp-json\/wp\/v2\/pages\/6045"}],"wp:featuredmedia":[{"embeddable":true,"href":"https:\/\/www.platformsamenonderzoeken.nl\/wetenwatwerkt\/wp-json\/wp\/v2\/media\/6056"}],"wp:attachment":[{"href":"https:\/\/www.platformsamenonderzoeken.nl\/wetenwatwerkt\/wp-json\/wp\/v2\/media?parent=6055"}],"curies":[{"name":"wp","href":"https:\/\/api.w.org\/{rel}","templated":true}]}}